{"id":11189,"date":"2012-12-17T23:29:07","date_gmt":"2012-12-17T22:29:07","guid":{"rendered":"http:\/\/rusoch.fr\/?page_id=11189"},"modified":"2017-06-17T10:50:35","modified_gmt":"2017-06-17T09:50:35","slug":"rusoch-sidebar-fr","status":"publish","type":"page","link":"https:\/\/rusoch.fr\/fr\/rusoch-sidebar-fr","title":{"rendered":"Rusoch Sidebar FR"},"content":{"rendered":"<h3><a href=\"http:\/\/www.youtube.com\/user\/Elena78480\"><img loading=\"lazy\" class=\"shutterset\" title=\"youtube\" src=\"http:\/\/rusoch.fr\/files\/2009\/07\/youtube.gif\" alt=\"youtube\" width=\"35\" height=\"35\" \/>Nos vid\u00e9os<\/a><\/h3>\n<h3><strong>Dans les archives <\/strong><\/h3>\n<p>&nbsp;<\/p>\n<p><a href=\"http:\/\/rusoch.fr\/lang\/fr\/tour\/russkij-monastyr-v-normandii.html\">Un couvent russe en Normandie<\/a><\/p>\n<p><a href=\"http:\/\/rusoch.fr\/lang\/fr\/guests\/snimat-vsyo-podryad.html\">Jonas Mekas au Centre Pompidou<br \/>\n<\/a><br \/>\n<a href=\"http:\/\/rusoch.fr\/lang\/fr\/rus\/pisma-napoleona-iz-rossii.html\"> Les lettres de Napol\u00e9on en Russie<\/a><\/p>\n<p><a href=\"http:\/\/rusoch.fr\/lang\/fr\/rus\/kotoryj-god-podryad.html\">La Semaine du cin\u00e9ma russe a f\u00eat\u00e9 son 10\u00e8me anniversaire<\/a><\/p>\n<p><a href=\"http:\/\/rusoch.fr\/lang\/fr\/tour\/chto-tam-v-dome.html\">Que se passe-t-il dans la maison?<\/a><\/p>\n<p><a href=\"http:\/\/rusoch.fr\/lang\/fr\/cult\/deparde-i-denev.html\">Depardieu et Deneuve n&#39;ont pas aid\u00e9<\/a><\/p>\n<p><a href=\"http:\/\/rusoch.fr\/lang\/fr\/guests\/francuzskie-ekspaty-v-kazaxstane.html\"><em>Les expatri\u00e9s fran\u00e7ais au Kazakhstan<\/em><\/a><\/p>\n<p><a href=\"http:\/\/rusoch.fr\/lang\/fr\/cult\/isaak-selniker-iskusstvo-perezhitogo.html\"><em>Isaac Celnikier. L\u2019art du v\u00e9cu<\/em><\/a><\/p>\n<p><em><a href=\"http:\/\/rusoch.fr\/lang\/fr\/rus\/lyudmila-cherina-vayatelnica-svoej-sudby.html\">Ludmila Tcherina \u2014 sculptrice de son destin<\/a> <\/em><\/p>\n<p><em><a href=\"http:\/\/rusoch.fr\/lang\/fr\/guests\/9559.html\">Le XXe si\u00e8cle sovi\u00e9tique<\/a><\/em><\/p>\n<p><em><a href=\"http:\/\/rusoch.fr\/lang\/fr\/guests\/sravnit-bordo-i-peterburg.html\">Comparer Bordeaux et Saint-P\u00e9tersbourg<\/a> <\/em><\/p>\n<p><em><a href=\"http:\/\/rusoch.fr\/lang\/fr\/guests\/byt-russkim-intervyu-s-kp-semenovym-tyan-shanskim.html\">\u00catre russe. Interview de K.P. Semionov-Tian-Shanski<\/a><\/em><\/p>\n<p><em><a href=\"http:\/\/rusoch.fr\/lang\/fr\/cult\/francuzskij-vkus-russkogo-naroda.html\">Le peuple russe a des airs de France<\/a> <\/em><\/p>\n<p><a href=\"http:\/\/rusoch.fr\/lang\/fr\/guests\/ekzoticheskij-detektiv.html\"><em>Un d\u00e9tective exotique <\/em><\/a><\/p>\n<p><em><a href=\"http:\/\/rusoch.fr\/lang\/fr\/rus\/russkij-narod-pod-lupoj-katrin-de-loeper.html\">Le peuple russe sous la loupe de Catherine de Loeper<\/a><\/em><\/p>\n<p><a href=\"http:\/\/: http:\/\/rusoch.fr\/programme-4-festival-cinema-russe-de-nice-fr\"><em>Une direction sereine<\/em><\/a><\/p>\n<p>&nbsp;<\/p>\n<p>&nbsp;<\/p>\n<p><strong><a href=\"http:\/\/rusoch.fr\/files\/2012\/12\/Affiche-soir\u00e9e-gala-2017.jpg\">Soir\u00e9e Gala \u00e0 l&#39;ambassade<\/a><\/strong><\/p>\n<p><a href=\"http:\/\/rusoch.fr\/files\/2012\/12\/Affiche-soir\u00e9e-gala-2017.jpg\" rel=\"attachment wp-att-210289\"><img loading=\"lazy\" class=\"alignnone wp-image-210289 size-thumbnail\" src=\"http:\/\/rusoch.fr\/files\/2012\/12\/Affiche-soir\u00e9e-gala-2017-150x150.jpg\" alt=\"Affiche soir\u00e9e gala 2017\" width=\"150\" height=\"150\" srcset=\"https:\/\/rusoch.fr\/files\/2012\/12\/Affiche-soir\u00e9e-gala-2017-150x150.jpg 150w, https:\/\/rusoch.fr\/files\/2012\/12\/Affiche-soir\u00e9e-gala-2017-379x379.jpg 379w, https:\/\/rusoch.fr\/files\/2012\/12\/Affiche-soir\u00e9e-gala-2017-400x400.jpg 400w, https:\/\/rusoch.fr\/files\/2012\/12\/Affiche-soir\u00e9e-gala-2017.jpg 530w\" sizes=\"(max-width: 150px) 100vw, 150px\" \/><\/a><\/p>\n<p>&nbsp;<\/p>\n<p><a href=\"http:\/\/rusoch.fr\/files\/2017\/05\/Affiche-Editeurs-29avrWeb.jpg\"><strong>Centre A. Solj\u00e9nitsyne \u00e0 Paris<\/strong><\/a><\/p>\n<p><a href=\"http:\/\/rusoch.fr\/files\/2017\/05\/Affiche-Editeurs-29avrWeb.jpg\" rel=\"attachment wp-att-209994\"><img loading=\"lazy\" class=\"alignnone wp-image-209994 size-thumbnail\" src=\"http:\/\/rusoch.fr\/files\/2012\/12\/Affiche-Editeurs-2-150x150.jpg\" alt=\"Affiche Editeurs 2\" width=\"150\" height=\"150\" \/><\/a><\/p>\n<p>&nbsp;<\/p>\n<p>&nbsp;<\/p>\n<p><strong>\u00a0La cath\u00e9drale de la Sainte-Trinit\u00e9 de Paris<\/strong><\/p>\n<p><a href=\"http:\/\/rusoch.fr\/files\/2014\/04\/IMG_6752.jpg\" rel=\"attachment wp-att-208892\"><img loading=\"lazy\" class=\"alignnone size-thumbnail wp-image-208892\" src=\"http:\/\/rusoch.fr\/files\/2014\/04\/IMG_6752-150x150.jpg\" alt=\"IMG_6752\" width=\"150\" height=\"150\" \/><\/a><\/p>\n<p>En dehors des offices, la cath\u00e9drale est ouverte tous les jours de 15h \u00e0 19h.<\/p>\n<p>Durant ces horaires, un pr\u00eatre est pr\u00e9sent au sein de la cath\u00e9drale. Des pri\u00e8res sp\u00e9cifiques (actions de gr\u00e2ce, fun\u00e9railles, etc.) y sont c\u00e9l\u00e9br\u00e9es, il est \u00e9galement possible de se confesser et de discuter avec un pr\u00eatre (tous les pr\u00eatres sont francophones).<\/p>\n<p>Vous pouvez organiser des visites guid\u00e9es pour des groupes ou des particuliers sur pr\u00e9-inscription \u00e0 l\u2019adresse suivante : visitecathedrale@gmail.com<\/p>\n<p>Adresse courriel de la cath\u00e9drale : cathedrale.russe@gmail.com<br \/>\n<strong><a href=\"http:\/\/bordeaux-moscou.over-blog.com\" target=\"_blank\">Bordeaux-Moscou A\/R<\/a><\/strong><\/p>\n<p><a href=\"http:\/\/rusoch.fr\/files\/2012\/12\/ob_f4a272_dscf0918.jpg\"><img loading=\"lazy\" class=\"alignnone size-full wp-image-19632\" src=\"http:\/\/rusoch.fr\/files\/2012\/12\/ob_f4a272_dscf0918.jpg\" alt=\"ob_f4a272_dscf0918&amp;\" width=\"150\" height=\"51\" \/><\/a><\/p>\n<address>Et si on regardait la Russie autrement<\/address>\n<p>&nbsp;<\/p>\n<h3>Chers lecteurs de l&#39;Hexagone<\/h3>\n<p><a href=\"http:\/\/rusoch.fr\/files\/2012\/02\/carte-france-region.gif\"><img class=\"shutterset\" title=\"carte-france-region\" src=\"http:\/\/rusoch.fr\/files\/2012\/02\/carte-france-region-150x150.gif\" alt=\"carte-france-region\" \/><\/a><\/p>\n<p>Vous \u00eates t\u00e9moin d&#39;un \u00e9v\u00e8nement? Prenez une vid\u00e9o (1 minute 30 maximum) et envoyez la \u00e0 <a href=\"mailto:rusoch.fr@gmail.com\">rusoch.fr@gmail.com<\/a> Nous attendons vos sujets. Les meilleurs para\u00eetront dans notre rubrique \u00ab\u00a0Vous \u00eates t\u00e9moin\u00a0\u00bb.<\/p>\n<address>\u00a0<\/address>\n","protected":false},"excerpt":{"rendered":"<p>Nos vid\u00e9os Dans les archives &nbsp; Un couvent russe en Normandie Jonas Mekas au Centre Pompidou Les lettres de Napol\u00e9on\u2026<\/p>\n","protected":false},"author":1,"featured_media":0,"parent":0,"menu_order":0,"comment_status":"open","ping_status":"open","template":"","meta":[],"tags":[1555],"aioseo_notices":[],"_links":{"self":[{"href":"https:\/\/rusoch.fr\/fr\/wp-json\/wp\/v2\/pages\/11189"}],"collection":[{"href":"https:\/\/rusoch.fr\/fr\/wp-json\/wp\/v2\/pages"}],"about":[{"href":"https:\/\/rusoch.fr\/fr\/wp-json\/wp\/v2\/types\/page"}],"author":[{"embeddable":true,"href":"https:\/\/rusoch.fr\/fr\/wp-json\/wp\/v2\/users\/1"}],"replies":[{"embeddable":true,"href":"https:\/\/rusoch.fr\/fr\/wp-json\/wp\/v2\/comments?post=11189"}],"version-history":[{"count":0,"href":"https:\/\/rusoch.fr\/fr\/wp-json\/wp\/v2\/pages\/11189\/revisions"}],"wp:attachment":[{"href":"https:\/\/rusoch.fr\/fr\/wp-json\/wp\/v2\/media?parent=11189"}],"wp:term":[{"taxonomy":"post_tag","embeddable":true,"href":"https:\/\/rusoch.fr\/fr\/wp-json\/wp\/v2\/tags?post=11189"}],"curies":[{"name":"wp","href":"https:\/\/api.w.org\/{rel}","templated":true}]}}