{"id":117,"date":"2009-06-19T22:32:34","date_gmt":"2009-06-19T21:32:34","guid":{"rendered":"http:\/\/rusoch.fr\/?page_id=117"},"modified":"2025-03-04T17:37:53","modified_gmt":"2025-03-04T16:37:53","slug":"contacts","status":"publish","type":"page","link":"https:\/\/rusoch.fr\/fr\/contacts","title":{"rendered":"Contacts"},"content":{"rendered":"<p>Repr\u00e9sentant l\u00e9gal et directeur de la publication: Mikhail Iakounine,<br \/>\nt\u00e9l.: +33 (0) 139280804, e-mail: <a href=\"mailto:ruhofr@gmail.com\">ruhofr@gmail.com<\/a><\/p>\n<p>R\u00e9dacteur en chef: Elena Iakounine;<br \/>\nt\u00e9l.: +33 (0) 139280804;\u00a0 <a href=\"mailto:rusoch.fr@gmail.com\">rusoch.fr@gmail.com<\/a><\/p>\n<p><a href=\"http:\/\/rusoch.fr\/fr\/\">www.rusoch.fr<\/a><\/p>","protected":false},"excerpt":{"rendered":"<p>Repr\u00e9sentant l\u00e9gal et directeur de la publication: Mikhail Iakounine, t\u00e9l.: +33 (0) 139280804, e-mail: ruhofr@gmail.com R\u00e9dacteur en chef: Elena Iakounine;\u2026<\/p>\n","protected":false},"author":1,"featured_media":0,"parent":0,"menu_order":0,"comment_status":"open","ping_status":"open","template":"","meta":[],"tags":[],"aioseo_notices":[],"_links":{"self":[{"href":"https:\/\/rusoch.fr\/fr\/wp-json\/wp\/v2\/pages\/117"}],"collection":[{"href":"https:\/\/rusoch.fr\/fr\/wp-json\/wp\/v2\/pages"}],"about":[{"href":"https:\/\/rusoch.fr\/fr\/wp-json\/wp\/v2\/types\/page"}],"author":[{"embeddable":true,"href":"https:\/\/rusoch.fr\/fr\/wp-json\/wp\/v2\/users\/1"}],"replies":[{"embeddable":true,"href":"https:\/\/rusoch.fr\/fr\/wp-json\/wp\/v2\/comments?post=117"}],"version-history":[{"count":3,"href":"https:\/\/rusoch.fr\/fr\/wp-json\/wp\/v2\/pages\/117\/revisions"}],"predecessor-version":[{"id":228293,"href":"https:\/\/rusoch.fr\/fr\/wp-json\/wp\/v2\/pages\/117\/revisions\/228293"}],"wp:attachment":[{"href":"https:\/\/rusoch.fr\/fr\/wp-json\/wp\/v2\/media?parent=117"}],"wp:term":[{"taxonomy":"post_tag","embeddable":true,"href":"https:\/\/rusoch.fr\/fr\/wp-json\/wp\/v2\/tags?post=117"}],"curies":[{"name":"wp","href":"https:\/\/api.w.org\/{rel}","templated":true}]}}