{"id":23276,"date":"2015-04-13T11:57:31","date_gmt":"2015-04-13T10:57:31","guid":{"rendered":"http:\/\/rusoch.fr\/?page_id=23276"},"modified":"2025-03-04T17:11:23","modified_gmt":"2025-03-04T16:11:23","slug":"legal","status":"publish","type":"page","link":"https:\/\/rusoch.fr\/fr\/legal","title":{"rendered":"Mentions l\u00e9gales"},"content":{"rendered":"<p><\/p>\n<p style=\"background: white; margin: 0cm 0cm 6.0pt 0cm;\" data-darkreader-inline-bgcolor=\"\" data-darkreader-inline-bgimage=\"\"><span style=\"font-family: Arial; color: black;\" data-darkreader-inline-color=\"\">Le journal en ligne bilingue franco-russe \u00abL&#39;OBSERVATEUR RUSSE\u00bb (\u00ab\u0420\u0443\u0441\u0441\u043a\u0438\u0439 \u043e\u0447\u0435\u0432\u0438\u0434\u0435\u0446\u00bb), pr\u00e9sent\u00e9 sur le site\u00a0<b><a href=\"http:\/\/rusoch.fr\/\" target=\"_blank\" rel=\"noopener noreferrer\" data-saferedirecturl=\"https:\/\/www.google.com\/url?hl=fr&amp;q=http:\/\/rusoch.fr&amp;source=gmail&amp;ust=1515492346493000&amp;usg=AFQjCNEeHlJ0t9uQRfKRlvxpQ2IRHS3U8A\"><span style=\"color: #1155cc;\" data-darkreader-inline-color=\"\">http:\/\/rusoch.fr<\/span><\/a><\/b>, est \u00e9dit\u00e9 par l&#39;Association \u00abLa Russie hors Fronti\u00e8res\u00bb (\u00ab\u0417\u0430\u0440\u0443\u0431\u0435\u0436\u043d\u0430\u044f \u0420\u043e\u0441\u0441\u0438\u044f\u00bb) r\u00e9gie par la loi du 1er juillet 1901; SIRET: 517 897 633 00015; APE:5813Z.<br \/>\n<\/span><\/p>\n<p style=\"margin: 0cm; margin-bottom: .0001pt; background: white; font-variant-ligatures: normal; font-variant-caps: normal; orphans: 2; text-align: start; widows: 2; -webkit-text-stroke-width: 0px; text-decoration-style: initial; text-decoration-color: initial; word-spacing: 0px;\" data-darkreader-inline-bgcolor=\"\" data-darkreader-inline-bgimage=\"\"><span style=\"font-family: Arial; color: black;\" data-darkreader-inline-color=\"\">R\u00e9dacteur en chef: Elena Iakounine<\/span><\/p>\n<p style=\"background: white; font-variant-ligatures: normal; font-variant-caps: normal; orphans: 2; text-align: start; widows: 2; -webkit-text-stroke-width: 0px; text-decoration-style: initial; text-decoration-color: initial; word-spacing: 0px; margin: 0cm 0cm 6.0pt 0cm;\" data-darkreader-inline-bgcolor=\"\" data-darkreader-inline-bgimage=\"\"><span style=\"font-family: Arial; color: black;\" data-darkreader-inline-color=\"\"><span data-darkreader-inline-color=\"\">t\u00e9l<\/span>.:<a href=\"tel:+33%206%2017%2056%2002%2088\" target=\"_blank\" rel=\"noopener noreferrer\"><span style=\"color: #1155cc;\" data-darkreader-inline-color=\"\"><span data-darkreader-inline-color=\"\">\u00a0<a href=\"tel:+33%201%2039%2028%2008%2004\" target=\"_blank\" rel=\"noopener noreferrer\">+33 (0) 139280804<\/a><\/span><\/span><\/a>; courrier \u00e9lectronique:\u00a0<a href=\"mailto:rusoch.fr@gmail.com\" target=\"_blank\" rel=\"noopener noreferrer\"><span style=\"color: #1155cc;\" data-darkreader-inline-color=\"\">rusoch.fr@gmail.com<\/span><\/a><\/span><\/p>\n<p style=\"margin: 0cm; margin-bottom: .0001pt; background: white; font-variant-ligatures: normal; font-variant-caps: normal; orphans: 2; text-align: start; widows: 2; -webkit-text-stroke-width: 0px; text-decoration-style: initial; text-decoration-color: initial; word-spacing: 0px;\" data-darkreader-inline-bgcolor=\"\" data-darkreader-inline-bgimage=\"\"><span style=\"font-family: Arial; color: black;\" data-darkreader-inline-color=\"\">Repr\u00e9sentant l\u00e9gal et directeur de publication: Mikhail Iakounine<\/span><\/p>\n<p style=\"background: white; font-variant-ligatures: normal; font-variant-caps: normal; orphans: 2; text-align: start; widows: 2; -webkit-text-stroke-width: 0px; text-decoration-style: initial; text-decoration-color: initial; word-spacing: 0px; margin: 0cm 0cm 6.0pt 0cm;\" data-darkreader-inline-bgcolor=\"\" data-darkreader-inline-bgimage=\"\"><span style=\"font-family: Arial; color: black;\" data-darkreader-inline-color=\"\">t\u00e9l.:\u00a0<a href=\"tel:+33%201%2039%2028%2008%2004\" target=\"_blank\" rel=\"noopener noreferrer\"><span style=\"color: #1155cc;\" data-darkreader-inline-color=\"\">+33 (0) 139280804<\/span><\/a>, courrier \u00e9lectronique:\u00a0<a href=\"mailto:ruhofr@gmail.com\" target=\"_blank\" rel=\"noopener noreferrer\"><span style=\"color: #1155cc;\" data-darkreader-inline-color=\"\">ruhofr@gmail.com<\/span><\/a><\/span><\/p>\n<p style=\"background: white; font-variant-ligatures: normal; font-variant-caps: normal; orphans: 2; text-align: start; widows: 2; -webkit-text-stroke-width: 0px; text-decoration-style: initial; text-decoration-color: initial; word-spacing: 0px; margin: 0cm 0cm 6.0pt 0cm;\" data-darkreader-inline-bgcolor=\"\" data-darkreader-inline-bgimage=\"\"><span style=\"font-family: Arial; color: black;\" data-darkreader-inline-color=\"\">L&#39;H\u00e9bergeur: AGENCE DES MEDIAS NUMERIQUES (AMEN), Groupe DADA. Adresse du si\u00e8ge social: AMEN SAS, 12-14, Rond Point des Champs Elys\u00e9es, 75008 Paris. APE 6202A&nbsp;&mdash; SIRET 421 527 797 00011. SAS au capital de 37 000 euros. T\u00e9l. : +33811887766; courrier \u00e9lectronique:\u00a0clients@amen.fr;\u00a0afnic@amen.fr; site-web:\u00a0<\/span><span style=\"font-size: 6.5pt; font-family: Arial; color: #222222;\" data-darkreader-inline-color=\"\"><a href=\"http:\/\/www.amen.fr\/\" target=\"_blank\" rel=\"noopener noreferrer\" data-saferedirecturl=\"https:\/\/www.google.com\/url?hl=fr&amp;q=http:\/\/www.amen.fr\/&amp;source=gmail&amp;ust=1515492346493000&amp;usg=AFQjCNHYZ9j7eXz8zugPfWkNu0rGxD3qBw\"><span style=\"font-size: 12.0pt; color: #0563c1;\" data-darkreader-inline-color=\"\">http:\/\/www.amen.fr<\/span><\/a><\/span><span style=\"font-family: Arial; color: black;\" data-darkreader-inline-color=\"\">.<\/span><\/p>\n<p><strong>CPPAP 0318Y90767<br \/>\nISSN 2110&mdash;5707<\/strong><\/p>\n<p>Ce site respecte le droit d&#39;auteur. Tous les droits des auteurs des \u0153uvres prot\u00e9g\u00e9es, reproduites et communiqu\u00e9es sur ce site, sont r\u00e9serv\u00e9s.<br \/>\nSauf autorisation, toute utilisation des \u0153uvres autres que la reproduction et la consultation individuelles et priv\u00e9es sont interdites<\/p>\n<p>L&#39;avis de la r\u00e9daction ne co\u00efncide pas forc\u00e9ment avec celui des auteurs. L&#39;auteur est le seul responsable de l&#39;exactitude des faits et des noms cit\u00e9s dans son article.<\/p>\n<p>NB. Tous les commentaires sur notre site sont mod\u00e9r\u00e9s.<\/p>\n<p>Pourtant si vous trouvez dans les propos des commentateurs des contenus illicites nous vous prions de bien vouloir nous en avertir en nous contactant par courriel\u00a0:<\/p>\n<p>rusoch.fr@gmail.com<\/p>\n<p>&nbsp;<\/p>\n<p>\u00a9 L&#39;Observateur russe. Tous droits de reproduction et de diffusion r\u00e9serv\u00e9s.<\/p>","protected":false},"excerpt":{"rendered":"<p>Le journal en ligne bilingue franco-russe \u00abL&#39;OBSERVATEUR RUSSE\u00bb (\u00ab\u0420\u0443\u0441\u0441\u043a\u0438\u0439 \u043e\u0447\u0435\u0432\u0438\u0434\u0435\u0446\u00bb), pr\u00e9sent\u00e9 sur le site\u00a0http:\/\/rusoch.fr, est \u00e9dit\u00e9 par l&#39;Association \u00abLa Russie\u2026<\/p>\n","protected":false},"author":1,"featured_media":0,"parent":0,"menu_order":0,"comment_status":"open","ping_status":"open","template":"","meta":[],"tags":[],"aioseo_notices":[],"_links":{"self":[{"href":"https:\/\/rusoch.fr\/fr\/wp-json\/wp\/v2\/pages\/23276"}],"collection":[{"href":"https:\/\/rusoch.fr\/fr\/wp-json\/wp\/v2\/pages"}],"about":[{"href":"https:\/\/rusoch.fr\/fr\/wp-json\/wp\/v2\/types\/page"}],"author":[{"embeddable":true,"href":"https:\/\/rusoch.fr\/fr\/wp-json\/wp\/v2\/users\/1"}],"replies":[{"embeddable":true,"href":"https:\/\/rusoch.fr\/fr\/wp-json\/wp\/v2\/comments?post=23276"}],"version-history":[{"count":5,"href":"https:\/\/rusoch.fr\/fr\/wp-json\/wp\/v2\/pages\/23276\/revisions"}],"predecessor-version":[{"id":228287,"href":"https:\/\/rusoch.fr\/fr\/wp-json\/wp\/v2\/pages\/23276\/revisions\/228287"}],"wp:attachment":[{"href":"https:\/\/rusoch.fr\/fr\/wp-json\/wp\/v2\/media?parent=23276"}],"wp:term":[{"taxonomy":"post_tag","embeddable":true,"href":"https:\/\/rusoch.fr\/fr\/wp-json\/wp\/v2\/tags?post=23276"}],"curies":[{"name":"wp","href":"https:\/\/api.w.org\/{rel}","templated":true}]}}