{"id":4512,"date":"2011-02-09T18:04:28","date_gmt":"2011-02-09T17:04:28","guid":{"rendered":"http:\/\/rusoch.fr\/?page_id=4512"},"modified":"2017-07-11T08:38:04","modified_gmt":"2017-07-11T07:38:04","slug":"sitemap","status":"publish","type":"page","link":"https:\/\/rusoch.fr\/fr\/sitemap","title":{"rendered":"Plan du site"},"content":{"rendered":"<p><\/p>\n<h3>Rubriques principales<\/h3>\n<ul>\n<li><a href=\"http:\/\/rusoch.fr\/fr\/\">Accueil<\/a><\/li>\n<li>En France\n<ul>\n<li><a href=\"http:\/\/rusoch.fr\/fr\/politique\">Politique<\/a><\/li>\n<li><a href=\"http:\/\/rusoch.fr\/fr\/tour\">Soci\u00e9t\u00e9<\/a><\/li>\n<\/ul>\n<\/li>\n<li><a href=\"http:\/\/rusoch.fr\/fr\/cult\">Cultures<\/a><\/li>\n<li>Russie Ici\n<ul>\n<li><a href=\"http:\/\/rusoch.fr\/fr\/events\">Ev\u00e9nements<\/a><\/li>\n<li><a href=\"http:\/\/rusoch.fr\/fr\/annonces\">Annonces<\/a><\/li>\n<\/ul>\n<\/li>\n<li><a href=\"http:\/\/rusoch.fr\/fr\/opinions\">Opinions<\/a><\/li>\n<li>Multim\u00e9dia\n<ul>\n<li><a href=\"http:\/\/rusoch.fr\/fr\/mond\">Images<\/a><\/li>\n<li><a href=\"http:\/\/rusoch.fr\/fr\/temoin\">Vous \u00eates t\u00e9moin<\/a><\/li>\n<\/ul>\n<\/li>\n<li><a href=\"http:\/\/rusoch.fr\/fr\/projects\">Dossiers<\/a><\/li>\n<\/ul>\n<h3>Rubriques suppl\u00e9mentaires<\/h3>\n<ul>\n<li><a href=\"http:\/\/rusoch.fr\/fr\/sitemap\">Plan du site<\/a><\/li>\n<li><a href=\"http:\/\/rusoch.fr\/fr\/about\">Qui sommes-nous<\/a><\/li>\n<li><a href=\"http:\/\/rusoch.fr\/fr\/legal\">Mentions l\u00e9gales<\/a><\/li>\n<li><a href=\"http:\/\/rusoch.fr\/fr\/contacts\">Contacts<\/a><\/li>\n<li><a href=\"http:\/\/rusoch.fr\/fr\/partners\">Partenaires<\/a><\/li>\n<\/ul>\n<p><\/p>","protected":false},"excerpt":{"rendered":"<p>Rubriques principales Accueil En France Politique Soci\u00e9t\u00e9 Cultures Russie Ici Ev\u00e9nements Annonces Opinions Multim\u00e9dia Images Vous \u00eates t\u00e9moin Dossiers Rubriques\u2026<\/p>\n","protected":false},"author":1,"featured_media":0,"parent":0,"menu_order":0,"comment_status":"closed","ping_status":"open","template":"","meta":[],"tags":[],"aioseo_notices":[],"_links":{"self":[{"href":"https:\/\/rusoch.fr\/fr\/wp-json\/wp\/v2\/pages\/4512"}],"collection":[{"href":"https:\/\/rusoch.fr\/fr\/wp-json\/wp\/v2\/pages"}],"about":[{"href":"https:\/\/rusoch.fr\/fr\/wp-json\/wp\/v2\/types\/page"}],"author":[{"embeddable":true,"href":"https:\/\/rusoch.fr\/fr\/wp-json\/wp\/v2\/users\/1"}],"replies":[{"embeddable":true,"href":"https:\/\/rusoch.fr\/fr\/wp-json\/wp\/v2\/comments?post=4512"}],"version-history":[{"count":0,"href":"https:\/\/rusoch.fr\/fr\/wp-json\/wp\/v2\/pages\/4512\/revisions"}],"wp:attachment":[{"href":"https:\/\/rusoch.fr\/fr\/wp-json\/wp\/v2\/media?parent=4512"}],"wp:term":[{"taxonomy":"post_tag","embeddable":true,"href":"https:\/\/rusoch.fr\/fr\/wp-json\/wp\/v2\/tags?post=4512"}],"curies":[{"name":"wp","href":"https:\/\/api.w.org\/{rel}","templated":true}]}}